{"id":14,"date":"2019-04-20T03:37:43","date_gmt":"2019-04-20T01:37:43","guid":{"rendered":"https:\/\/desarrollo.face.ubiobio.cl\/facsa\/?page_id=14"},"modified":"2020-05-14T13:25:48","modified_gmt":"2020-05-14T17:25:48","slug":"leyca","status":"publish","type":"page","link":"http:\/\/webfacsa.ubiobio.cl\/index.php\/leyca\/","title":{"rendered":"Lecyca"},"content":{"rendered":"\n<h4>LABORATORIO DE EXPERIMENTACI\u00d3N, CONTROL Y CERTIFICACI\u00d3N DE LA CALIDAD DE LOS ALIMENTOS<\/h4>\n\n\n\n<h4>\u00bfQUI\u00c9NES SOMOS?<\/h4>\n\n\n\n<p>En la Facultad de Ciencias de la Salud y los Alimentos de la Universidad del B\u00edo-B\u00edo, nos dedicamos a la formaci\u00f3n de profesionales, investigaci\u00f3n y vinculaci\u00f3n con el medio, con los m\u00e1s altos niveles de calidad. Siendo los servicios de ensayos de laboratorio el de mayor impacto de vinculaci\u00f3n con las empresas alimentarias, a trav\u00e9s de nuestro compromiso de EXCELENCIA EN LAS RELACIONES CON LOS CLIENTES, fundamentada en los requisitos del cliente (legales y reglamentarios) y de la norma NCh-ISO 17025, mediante la mejora continua en todos los procesos de la organizaci\u00f3n, con alta capacidad t\u00e9cnica, elevado compromiso en ofrecer un servicio oportuno y la m\u00e1s completa comunicaci\u00f3n al cliente.<\/p>\n\n\n\n<h4>HISTORIA<\/h4>\n\n\n\n<p>El LECYCA est\u00e1 constituido principalmente de un \u00c1rea de An\u00e1lisis F\u00edsico y Qu\u00edmico, An\u00e1lisis Microbiol\u00f3gico y An\u00e1lisis Sensorial de Alimentos, con un total de 400 metros cuadrados de construcci\u00f3n, los cuales entraron en funcionamiento a contar de Marzo del a\u00f1o 2000.<\/p>\n\n\n\n<p>El LECYCA, es una unidad destinada a vincular la Universidad con sectores productivos, es decir, intenta ser una instancia que apoya la gesti\u00f3n de producci\u00f3n y comercializaci\u00f3n de alimentos preferentemente en la peque\u00f1a y mediana empresa, quienes pueden llegar sin dificultades a solicitar servicio de laboratorio, t\u00e9cnicos, de capacitaci\u00f3n, de asesor\u00eda, informaci\u00f3n o a pedir que ejecuten alg\u00fan proyecto productivo. Constituy\u00e9ndose en un polo de desarrollo regional del Sector Industrial Alimentario.<\/p>\n\n\n\n<p>El recurso humano corresponde a un grupo interdisciplinario de acad\u00e9micos y t\u00e9cnicos de la Facultad de Ciencias de la Salud y los Alimentos y profesionales externos.<\/p>\n\n\n\n<h4>CERTIFICACI\u00d3N<\/h4>\n\n\n\n<p>Somos el Primer Laboratorio Acreditado para el Instituto Nacional de Normalizaci\u00f3n&nbsp; (INN) en Chill\u00e1n, bajo Norma ISO NCh 17.025 en las siguientes \u00e1reas con vigencia desde el 17 de Octubre de 2011 hasta el 2014.<\/p>\n\n\n\n<table class=\"table table-striped table-bordered\">\n<thead><tr><th scope=\"col\">Nombre<\/th><th scope=\"col\">Descarga<\/th><\/tr><\/thead>\n<tbody><tr><td>Microbiolog\u00eda y Muestreo para Alimentos<\/td><td><a href=\"http:\/\/www.inn.cl\/pdfs\/acreditados\/LE967.pdf\"><i class=\"fas fa-check\"><\/i><\/a><\/td><\/tr><tr><td>Microbiolog\u00eda para Aguas link<\/td><td><a href=\"http:\/\/www.inn.cl\/pdfs\/acreditados\/LE968.pdf\"><i class=\"fas fa-check\"><\/i><\/a><\/td><\/tr><tr><td>Microbiolog\u00eda y muestreo para utensilios, superficies ambientes y manipuladores<\/td><td><a href=\"http:\/\/www.inn.cl\/pdfs\/acreditados\/LE969.pdf\"><i class=\"fas fa-check\"><\/i><\/a><\/td><\/tr><tr><td>F\u00edsico-Organol\u00e9ptica y Muestreo para Alimento<\/td><td><a href=\"http:\/\/www.inn.cl\/pdfs\/acreditados\/LE970.pdf\"><i class=\"fas fa-check\"><\/i><\/a><\/td><\/tr><tr><td>Qu\u00edmica y Muestreo para Alimentos<\/td><td><a href=\"http:\/\/www.inn.cl\/pdfs\/acreditados\/LE971.pdf\"><i class=\"fas fa-check\"><\/i><\/a><\/td><\/tr><\/tbody><\/table>\n\n\n\n<blockquote class=\"wp-block-quote\"><p><em>Somos el Primer Laboratorio reconocido por el Instituto Nacional de Salud P\u00fablica (ISP) en Chill\u00e1n, como Laboratorio Bromatol\u00f3gico de Salud P\u00fablica.<\/em><\/p><\/blockquote>\n\n\n\n<h4>RESPONSABILIDAD SOCIAL<\/h4>\n\n\n\n<p>Somos un Laboratorio de Ensayos dirigido al servicio integral de las empresas dedicadas al rubro alimentos y de aguas, principalmente asociado al \u00e1mbito de la toma de muestras, an\u00e1lisis microbiol\u00f3gicos, fisicoqu\u00edmicos, sensoriales, capacitaci\u00f3n y certificaci\u00f3n de muestras.<\/p>\n\n\n\n<p>Es nuestro sentido como organizaci\u00f3n promover a trav\u00e9s de nuestra actividad, al desarrollo industrial de la regi\u00f3n, basado en el aseguramiento de la calidad y resguardo del medio ambiente.<\/p>\n","protected":false},"excerpt":{"rendered":"<p>LABORATORIO DE EXPERIMENTACI\u00d3N, CONTROL Y CERTIFICACI\u00d3N DE LA CALIDAD DE LOS ALIMENTOS \u00bfQUI\u00c9NES SOMOS? En la Facultad de Ciencias de la Salud y los Alimentos de la Universidad del B\u00edo-B\u00edo, nos dedicamos a la formaci\u00f3n de profesionales, investigaci\u00f3n y vinculaci\u00f3n con el medio, con los m\u00e1s altos niveles de calidad. Siendo los servicios de ensayos [&hellip;]<\/p>\n","protected":false},"author":2,"featured_media":211,"parent":0,"menu_order":0,"comment_status":"closed","ping_status":"closed","template":"","meta":[],"_links":{"self":[{"href":"http:\/\/webfacsa.ubiobio.cl\/index.php\/wp-json\/wp\/v2\/pages\/14"}],"collection":[{"href":"http:\/\/webfacsa.ubiobio.cl\/index.php\/wp-json\/wp\/v2\/pages"}],"about":[{"href":"http:\/\/webfacsa.ubiobio.cl\/index.php\/wp-json\/wp\/v2\/types\/page"}],"author":[{"embeddable":true,"href":"http:\/\/webfacsa.ubiobio.cl\/index.php\/wp-json\/wp\/v2\/users\/2"}],"replies":[{"embeddable":true,"href":"http:\/\/webfacsa.ubiobio.cl\/index.php\/wp-json\/wp\/v2\/comments?post=14"}],"version-history":[{"count":10,"href":"http:\/\/webfacsa.ubiobio.cl\/index.php\/wp-json\/wp\/v2\/pages\/14\/revisions"}],"predecessor-version":[{"id":183,"href":"http:\/\/webfacsa.ubiobio.cl\/index.php\/wp-json\/wp\/v2\/pages\/14\/revisions\/183"}],"wp:featuredmedia":[{"embeddable":true,"href":"http:\/\/webfacsa.ubiobio.cl\/index.php\/wp-json\/wp\/v2\/media\/211"}],"wp:attachment":[{"href":"http:\/\/webfacsa.ubiobio.cl\/index.php\/wp-json\/wp\/v2\/media?parent=14"}],"curies":[{"name":"wp","href":"https:\/\/api.w.org\/{rel}","templated":true}]}}