{"id":219,"date":"2020-01-03T15:46:48","date_gmt":"2020-01-03T14:46:48","guid":{"rendered":"https:\/\/desarrollo.face.ubiobio.cl\/facsa\/?page_id=219"},"modified":"2020-07-15T14:30:41","modified_gmt":"2020-07-15T18:30:41","slug":"vision-y-mision","status":"publish","type":"page","link":"http:\/\/webfacsa.ubiobio.cl\/index.php\/vision-y-mision\/","title":{"rendered":"Visi\u00f3n y Misi\u00f3n"},"content":{"rendered":"\n<h3>VISI\u00d3N<\/h3>\n\n\n\n<p>Liderar los cambios en el \u00e1mbito de las Ciencias de la Salud y de los Alimentos, para el desarrollo social y sostenible de la regi\u00f3n y del pa\u00eds, aportando soluciones innovadoras y de proyecci\u00f3n internacional.<\/p>\n\n\n\n<h3>MISI\u00d3N<\/h3>\n\n\n\n<p>Promover el cultivo de las Ciencias de la Salud y de los Alimentos, a trav\u00e9s de la docencia, investigaci\u00f3n, innovaci\u00f3n y vinculaci\u00f3n con el medio, aportando al desarrollo de la regi\u00f3n y del pa\u00eds.<\/p>\n","protected":false},"excerpt":{"rendered":"<p>VISI\u00d3N Liderar los cambios en el \u00e1mbito de las Ciencias de la Salud y de los Alimentos, para el desarrollo social y sostenible de la regi\u00f3n y del pa\u00eds, aportando soluciones innovadoras y de proyecci\u00f3n internacional. MISI\u00d3N Promover el cultivo de las Ciencias de la Salud y de los Alimentos, a trav\u00e9s de la docencia, [&hellip;]<\/p>\n","protected":false},"author":2,"featured_media":218,"parent":0,"menu_order":0,"comment_status":"closed","ping_status":"closed","template":"","meta":[],"_links":{"self":[{"href":"http:\/\/webfacsa.ubiobio.cl\/index.php\/wp-json\/wp\/v2\/pages\/219"}],"collection":[{"href":"http:\/\/webfacsa.ubiobio.cl\/index.php\/wp-json\/wp\/v2\/pages"}],"about":[{"href":"http:\/\/webfacsa.ubiobio.cl\/index.php\/wp-json\/wp\/v2\/types\/page"}],"author":[{"embeddable":true,"href":"http:\/\/webfacsa.ubiobio.cl\/index.php\/wp-json\/wp\/v2\/users\/2"}],"replies":[{"embeddable":true,"href":"http:\/\/webfacsa.ubiobio.cl\/index.php\/wp-json\/wp\/v2\/comments?post=219"}],"version-history":[{"count":2,"href":"http:\/\/webfacsa.ubiobio.cl\/index.php\/wp-json\/wp\/v2\/pages\/219\/revisions"}],"predecessor-version":[{"id":830,"href":"http:\/\/webfacsa.ubiobio.cl\/index.php\/wp-json\/wp\/v2\/pages\/219\/revisions\/830"}],"wp:featuredmedia":[{"embeddable":true,"href":"http:\/\/webfacsa.ubiobio.cl\/index.php\/wp-json\/wp\/v2\/media\/218"}],"wp:attachment":[{"href":"http:\/\/webfacsa.ubiobio.cl\/index.php\/wp-json\/wp\/v2\/media?parent=219"}],"curies":[{"name":"wp","href":"https:\/\/api.w.org\/{rel}","templated":true}]}}