{"id":409,"date":"2020-03-03T15:10:05","date_gmt":"2020-03-03T14:10:05","guid":{"rendered":"https:\/\/desarrollo.face.ubiobio.cl\/facsa\/?page_id=409"},"modified":"2024-11-11T13:48:58","modified_gmt":"2024-11-11T16:48:58","slug":"enfermeria","status":"publish","type":"page","link":"http:\/\/webfacsa.ubiobio.cl\/index.php\/enfermeria\/","title":{"rendered":"Enfermer\u00eda"},"content":{"rendered":"\n<h4>DETALLES<\/h4>\n\n\n\n<div class=\"table-responsive mb-3\">\n    <table class=\"table table-sm table-striped table-bordered\">\n        <tbody>\n        <tr>\n            <th>Impartida en<\/th>\n            <td>Campus Fernando May, Sede Chill\u00e1n<\/td>\n        <\/tr>\n        <tr>\n            <th>R\u00e9gimen<\/th>\n            <td>Semestral<\/td>\n        <\/tr>\n        <tr>\n            <th>T\u00edtulo<\/th>\n            <td>Enfermera(o)<\/td>\n        <\/tr>\n        <tr>\n            <th>Duraci\u00f3n<\/th>\n            <td>10 Semestres<\/td>\n        <\/tr>\n        <tr>\n            <th>Grado Acad\u00e9mico<\/th>\n            <td>Licenciada(o) en Enfermer\u00eda<\/td>\n        <\/tr>\n        <tr>\n            <th>Certificado de Formaci\u00f3n<\/th>\n            <td>Gesti\u00f3n del Cuidado en Enfermer\u00eda<\/td>\n        <\/tr>\n        <tr>\n            <th>C\u00f3digo<\/th>\n            <td>29052<\/td>\n        <\/tr>\n        <tr>\n            <th>Requisito<\/th>\n            <td>Presentar al momento de matricularse certificado de vacunaci\u00f3n contra la Hepatitis B.<\/td>\n        <\/tr>\n        <\/tbody>\n    <\/table>\n<\/div>\n\n\n\n<h4>DESCRIPCI\u00d3N<\/h4>\n\n\n\n<p>Formar un profesional con s\u00f3lidos conocimientos cient\u00edfico &#8211; humanista, capaz de proporcionar cuidados integrales aplicando el proceso de atenci\u00f3n de enfermer\u00eda a las personas, familias y comunidad -sanas, en riesgo y enfermas en cualquier etapa del ciclo vital- a trav\u00e9s de la promoci\u00f3n, prevenci\u00f3n, recuperaci\u00f3n y rehabilitaci\u00f3n de la salud, as\u00ed como en la etapa terminal de la vida. Con capacidad para liderar la gesti\u00f3n del cuidado, con principios \u00e9ticos y responsabilidad social, contribuyendo a la investigaci\u00f3n disciplinar.<br>Distingui\u00e9ndose por proporcionar cuidados humanizados, por su compromiso con la Regi\u00f3n y el Pa\u00eds, aportando a la comunidad a trav\u00e9s del trabajo colaborativo docente asistencial.<\/p>\n\n\n\n<h4>PERFIL DEL POSTULANTE<\/h4>\n\n\n\n<p>Debes tener respeto por el ser humano, iniciativa y creatividad, actitudes y convicciones val\u00f3ricas, salud mental y f\u00edsica compatible con la profesi\u00f3n.<\/p>\n\n\n\n<h4>PERFIL DEL EGRESADO<\/h4>\n\n\n\n<p>El actual perfil de egreso se encuentra vigente desde el a\u00f1o 2015, y establece lo siguiente:<\/p>\n\n\n\n<p>&#8211; El enfermero titulado en la Universidad del B\u00edo-B\u00edo es capaz de liderar la gesti\u00f3n del cuidado, utilizando el juicio enfermero desde un enfoque biopsicosocial y \u00e9tico, aplicando el proceso de atenci\u00f3n de enfermer\u00eda durante todo el ciclo vital de la persona, familia y comunidad, a trav\u00e9s de la promoci\u00f3n, prevenci\u00f3n, recuperaci\u00f3n y rehabilitaci\u00f3n de la salud, as\u00ed como en la etapa terminal de la vida.<\/p>\n\n\n\n<p>&#8211; Orienta su desempe\u00f1o a una gesti\u00f3n de calidad y al mejoramiento continuo, asimismo, se preocupa por generar nuevos conocimientos cient\u00edficos que aporten al desarrollo disciplinar.<\/p>\n\n\n\n<p>&#8211; Incorpora en su quehacer el proceso educativo, considerando las necesidades de educaci\u00f3n reales de la poblaci\u00f3n y colabora en la formaci\u00f3n inicial de pares y t\u00e9cnicos.<\/p>\n\n\n\n<p>&#8211; Se distingue por proporcionar cuidados humanizados, por el compromiso permanente con su aprendizaje, responsabilidad social con que asume su quehacer profesional y ciudadano, respeto a la diversidad favoreciendo el trabajo colaborativo e interdisciplinario, potencia sus capacidades de manera integral para servir a la sociedad con excelencia.<\/p>\n\n\n\n<figure class=\"wp-block-image size-full is-resized\"><img loading=\"lazy\" src=\"http:\/\/webfacsa.ubiobio.cl\/wp-content\/uploads\/2024\/11\/Logo-RNAO-UBB-01.png\" alt=\"\" class=\"wp-image-2485\" width=\"577\" height=\"160\" srcset=\"http:\/\/webfacsa.ubiobio.cl\/wp-content\/uploads\/2024\/11\/Logo-RNAO-UBB-01.png 1080w, http:\/\/webfacsa.ubiobio.cl\/wp-content\/uploads\/2024\/11\/Logo-RNAO-UBB-01-400x112.png 400w\" sizes=\"(max-width: 577px) 100vw, 577px\" \/><\/figure>\n\n\n\n<h4><strong>Asociaci\u00f3n de Enfermeras Registradas de Ontario (RNAO) <\/strong><\/h4>\n\n\n\n<p>\u00abLa Carrera de Enfermer\u00eda de la Universidad del B\u00edo-B\u00edo<em>&nbsp;&#8211; en convenio de colaboraci\u00f3n con la Universidad de Chile-&nbsp;<\/em>comprometida con la excelencia en el proceso formativo y la calidad de la atenci\u00f3n en salud, integra en su curr\u00edculo las Gu\u00edas de Buenas Pr\u00e1cticas (GBP) de la Asociaci\u00f3n de Enfermeras Registradas de Ontario (RNAO). Estas gu\u00edas, basadas en la evidencia, proporcionan recomendaciones para mejorar los resultados cl\u00ednicos y la atenci\u00f3n al usuario,&nbsp;familia y comunidad, as\u00ed como recomendaciones para la creaci\u00f3n de entornos de trabajo saludables para profesionales sanitarios\u00bb<br><br>Incorporar las GBP asegura que los estudiantes reciban formaci\u00f3n con las mejores pr\u00e1cticas actuales, prepar\u00e1ndose para enfrentar los desaf\u00edos del entorno cl\u00ednico. Adem\u00e1s, facilita una integraci\u00f3n m\u00e1s efectiva entre la teor\u00eda y la pr\u00e1ctica cl\u00ednica, promoviendo una colaboraci\u00f3n estrecha entre las instituciones educativas y los servicios de salud. Asimismo, se fomenta en el estudiantado una cultura de aprendizaje continuo y mejora profesional, esencial para mantener altos est\u00e1ndares en la pr\u00e1ctica de la enfermer\u00eda.<\/p>\n\n\n\n<h4>INFRAESTRUCTURA<\/h4>\n\n\n\n<p>Desarrolla la experiencia cl\u00ednica (pr\u00e1cticas) desde el primer a\u00f1o de la carrera, las cuales son de complejidad creciente y se realizan en centros de salud familiar de atenci\u00f3n primaria, en escuelas, jardines infantiles, Establecimientos de Larga Estad\u00eda para Adultos Mayores (ELEAM) , en atenci\u00f3n pre-hospitalaria ( SAMU) y hospitales ( servicios de medicina, cirug\u00eda, cuidados paliativos, pediatr\u00eda, unidad neonatal, unidad de emergencia , traumatolog\u00eda, neurolog\u00eda, entre otros), as\u00ed como la posibilidad de realizar el internado profesional en centros de salud urbanos y rurales.<\/p>\n\n\n\n<h4>FORTALEZAS DE LA CARRERA<\/h4>\n\n\n\n<p>Existen convenios con el Servicio Salud \u00d1uble, con la Municipalidad de Chill\u00e1n y Chill\u00e1n Viejo, Cl\u00ednica Chill\u00e1n, Coihueco, entre otros, lo que permite que el estudiante pueda realizar sus pr\u00e1cticas profesionales en los distintos \u00e1mbitos en que se desarrolla la disciplina, familiariz\u00e1ndose en forma temprana con su quehacer y, por tanto, desarrollar competencias para afrontar exitosamente su vida profesional.<\/p>\n\n\n\n<p>Asimismo, la Escuela cuenta con un Centro de Simulaci\u00f3n de alta tecnolog\u00eda, que permite generar espacios de ense\u00f1anza-aprendizaje en un contexto cl\u00ednico para desarrollar y fortalecer competencias gen\u00e9ricas y espec\u00edficas (disciplinares &#8211; profesionales).<br>La carrera, adem\u00e1s de la obtenci\u00f3n del t\u00edtulo profesional, otorga una \u201cCertificaci\u00f3n en Gesti\u00f3n del Cuidado de Enfermer\u00eda\u201d, que habilita al estudiante para dise\u00f1ar un plan y estrategias de gesti\u00f3n, a partir de los criterios establecidos, para apoyar los procesos acreditaci\u00f3n de las instituciones de salud del pa\u00eds. Para acceder a esta certificaci\u00f3n se debe cumplir con el requisito de cursar las asignaturas electivas del \u00e1rea de gesti\u00f3n.<\/p>\n\n\n\n<h4>CAMPO OCUPACIONAL<\/h4>\n\n\n\n<p>El egresado de la carrera de Enfermer\u00eda podr\u00e1 ejercer ampliamente su profesi\u00f3n en el sistema p\u00fablico y privado de salud, a nivel intra y extramural, en establecimientos tales como hospitales, cl\u00ednicas, centros de salud familiar, establecimientos educacionales: ense\u00f1anza pre-b\u00e1sica, b\u00e1sica, media e instituciones de educaci\u00f3n superior, laboratorios cl\u00ednicos, Establecimientos de Larga Estad\u00eda para Adultos Mayores (ELEAM) y clubes de adulto mayor, salas cuna, hogares de menores, jardines infantiles, industrias, farmacias, isapres, empresas y ejercicio libre de la profesi\u00f3n.<\/p>\n\n\n\n<h4>EXPECTATIVAS\/ POSIBILIDAD DE CONTINUACI\u00d3N DE ESTUDIOS DEL EGRESADO<\/h4>\n\n\n\n<p>El egresado de la carrera de Enfermer\u00eda puede continuar estudios a nivel de posgrado en la Universidad del B\u00edo-B\u00edo u otra instituci\u00f3n, ya sea a nivel nacional o internacional, en las \u00e1reas disciplinares de la profesi\u00f3n.<br>Los estudiantes podr\u00e1n articularse con el posgrado en el noveno y d\u00e9cimo semestre, a trav\u00e9s de asignaturas electivas, una vez obtenido el grado de licenciado en Enfermer\u00eda.<\/p>\n","protected":false},"excerpt":{"rendered":"<p>DETALLES Impartida en Campus Fernando May, Sede Chill\u00e1n R\u00e9gimen Semestral T\u00edtulo Enfermera(o) Duraci\u00f3n 10 Semestres Grado Acad\u00e9mico Licenciada(o) en Enfermer\u00eda Certificado de Formaci\u00f3n Gesti\u00f3n del Cuidado en Enfermer\u00eda C\u00f3digo 29052 Requisito Presentar al momento de matricularse certificado de vacunaci\u00f3n contra la Hepatitis B. DESCRIPCI\u00d3N Formar un profesional con s\u00f3lidos conocimientos cient\u00edfico &#8211; humanista, capaz de [&hellip;]<\/p>\n","protected":false},"author":2,"featured_media":411,"parent":0,"menu_order":0,"comment_status":"closed","ping_status":"closed","template":"","meta":[],"_links":{"self":[{"href":"http:\/\/webfacsa.ubiobio.cl\/index.php\/wp-json\/wp\/v2\/pages\/409"}],"collection":[{"href":"http:\/\/webfacsa.ubiobio.cl\/index.php\/wp-json\/wp\/v2\/pages"}],"about":[{"href":"http:\/\/webfacsa.ubiobio.cl\/index.php\/wp-json\/wp\/v2\/types\/page"}],"author":[{"embeddable":true,"href":"http:\/\/webfacsa.ubiobio.cl\/index.php\/wp-json\/wp\/v2\/users\/2"}],"replies":[{"embeddable":true,"href":"http:\/\/webfacsa.ubiobio.cl\/index.php\/wp-json\/wp\/v2\/comments?post=409"}],"version-history":[{"count":21,"href":"http:\/\/webfacsa.ubiobio.cl\/index.php\/wp-json\/wp\/v2\/pages\/409\/revisions"}],"predecessor-version":[{"id":2487,"href":"http:\/\/webfacsa.ubiobio.cl\/index.php\/wp-json\/wp\/v2\/pages\/409\/revisions\/2487"}],"wp:featuredmedia":[{"embeddable":true,"href":"http:\/\/webfacsa.ubiobio.cl\/index.php\/wp-json\/wp\/v2\/media\/411"}],"wp:attachment":[{"href":"http:\/\/webfacsa.ubiobio.cl\/index.php\/wp-json\/wp\/v2\/media?parent=409"}],"curies":[{"name":"wp","href":"https:\/\/api.w.org\/{rel}","templated":true}]}}