{"id":415,"date":"2020-03-03T15:15:40","date_gmt":"2020-03-03T14:15:40","guid":{"rendered":"https:\/\/desarrollo.face.ubiobio.cl\/facsa\/?page_id=415"},"modified":"2024-01-09T17:34:45","modified_gmt":"2024-01-09T20:34:45","slug":"fonoaudiologia","status":"publish","type":"page","link":"http:\/\/webfacsa.ubiobio.cl\/index.php\/fonoaudiologia\/","title":{"rendered":"Fonoaudiolog\u00eda"},"content":{"rendered":"\n<h4>DETALLES<\/h4>\n\n\n\n<div class=\"table-responsive mb-4\">\n    <table class=\"table table-sm table-striped table-bordered\">\n        <tbody>\n        <tr>\n            <th>Impartida en<\/th>\n            <td>Campus Fernando May, Sede Chill\u00e1n<\/td>\n        <\/tr>\n        <tr>\n            <th>R\u00e9gimen<\/th>\n            <td>Semestral<\/td>\n        <\/tr>\n        <tr>\n            <th>T\u00edtulo<\/th>\n            <td>Fonoaudi\u00f3logo(a)<\/td>\n        <\/tr>\n        <tr>\n            <th>Duraci\u00f3n<\/th>\n            <td>10 Semestres<\/td>\n        <\/tr>\n        <tr>\n            <th>Grado Acad\u00e9mico<\/th>\n            <td>Licenciado(a) en Fonoaudiolog\u00eda<\/td>\n        <\/tr>\n        <tr>\n            <th>C\u00f3digo<\/th>\n            <td>29055<\/td>\n        <\/tr>\n        <tr>\n            <th>Renovaci\u00f3n<\/th>\n            <td>Carrera Renovada Curricularmente<\/td>\n        <\/tr>\n        <tr>\n            <th>Requisito<\/th>\n            <td>Presentar al momento de matricularse certificado de vacunaci\u00f3n contra la Hepatitis B.<\/td>\n        <\/tr>\n        <\/tbody>\n    <\/table>\n<\/div>\n\n\n\n<h4>DESCRIPCI\u00d3N<\/h4>\n\n\n\n<p>Esta carrera forma un profesional competente, integral y reflexivo que responde a las necesidades regionales y nacionales de atenci\u00f3n en fonoaudiolog\u00eda con excelencia y calidad, contribuyendo al desarrollo de la disciplina y satisfaciendo los requerimientos de los sistemas de salud y educaci\u00f3n en relaci\u00f3n con este tipo de profesionales.<\/p>\n\n\n\n<h4>PERFIL DEL POSTULANTE<\/h4>\n\n\n\n<p>Debes tener respeto por el ser humano, alto compromiso social, ser cr\u00edtico e innovador y tener una actitud proactiva para integrar y conformar equipos de trabajo.<\/p>\n\n\n\n<h4>PERFIL DEL EGRESADO<\/h4>\n\n\n\n<p>El fonoaudi\u00f3logo egresado de la Universidad del B\u00edo-B\u00edo es un profesional aut\u00f3nomo, que posee las competencias cognoscitivas, procedimentales y actitudinales para promover, prevenir, evaluar, diagnosticar e intervenir en poblaci\u00f3n normal y\/o con alteraciones audio-vestibulares, del habla, degluci\u00f3n, lenguaje y voz, con compromiso \u00e9tico y social, centrado en el usuario y sus caracter\u00edsticas biopsicosociales, acordes a la necesidad local y nacional en los campos de salud, educaci\u00f3n y art\u00edstica. Elabora planes de gesti\u00f3n que le permiten ser un agente de cambio, con capacidad de emprendimiento y liderazgo, con sentido cr\u00edtico, reflexivo y creativo; lo que le permite participar en proyectos de investigaci\u00f3n en las ciencias de la comunicaci\u00f3n humana y sus alteraciones, considerando los avances tecnol\u00f3gicos y disciplinares. Su capacidad de trabajo colaborativo e interdisciplinario y su compromiso social, contribuyen a mejorar la calidad de vida de la poblaci\u00f3n.<\/p>\n\n\n\n<h4>PERFIL DEL LICENCIADO<\/h4>\n\n\n\n<p>El licenciado en Fonoaudiolog\u00eda de la Universidad del B\u00edo-B\u00edo demuestra competencias en las \u00e1reas de habla, degluci\u00f3n, lenguaje, voz y audio-vestibular, que le permiten tomar decisiones respecto a la norma y las alteraciones de la comunicaci\u00f3n humana. Integra equipos de trabajo interdisciplinarios para contribuir a la soluci\u00f3n de problemas propios de la profesi\u00f3n, participando de manera activa en proyectos de investigaci\u00f3n en los campos de salud, educaci\u00f3n y art\u00edstico, con el fin de aportar a la generaci\u00f3n de conocimientos en la Regi\u00f3n y el pa\u00eds.<\/p>\n\n\n\n<h4>FORTALEZAS DE LA CARRERA<\/h4>\n\n\n\n<p>Destaca a nivel nacional por cumplir un importante rol social, sello que la ha convertido en un referente, al brindar servicios a trav\u00e9s de sus centros de pr\u00e1ctica (CECH \u2013 CAP \u2013 Laboratorio Voz y Audiolog\u00eda) dirigidos a las personas que m\u00e1s lo necesitan en la Regi\u00f3n de \u00d1uble.<\/p>\n\n\n\n<h4>INFRAESTRUCTURA<\/h4>\n\n\n\n<p>Esta carrera dispone de laboratorios y equipamientos modernos aptos para la formaci\u00f3n b\u00e1sica de la especialidad. Contamos con centro de pr\u00e1cticas cl\u00ednicos como hospitales de Chill\u00e1n, San Carlos y Bulnes; CESFAM y Centros de Neurorehabilitaci\u00f3n. Adem\u00e1s, de centros educacionales pertenecientes al DAEM Chill\u00e1n y escuelas especiales. Asimismo, la Escuela de Fonoaudiolog\u00eda ha creado centros de pr\u00e1cticas cl\u00ednicos propios como la Cl\u00ednica de Estudios de la Comunicaci\u00f3n Humana (CECH), Centro de Actividades Pr\u00e1cticas (CAP), Laboratorios de Audiolog\u00eda y Voz, en Chill\u00e1n; y el Conservatorio de M\u00fasica Laurencia Contreras y el Servicio M\u00e9dico Estudiantil UBB, en Concepci\u00f3n.<\/p>\n\n\n\n<h4>CAMPO OCUPACIONAL<\/h4>\n\n\n\n<p>El profesional integrar\u00e1 equipos en las especialidades de salud y educaci\u00f3n. Podr\u00e1 desempe\u00f1ar funciones en los centros de salud de atenci\u00f3n primaria, secundaria y terciaria y en educaci\u00f3n; en escuelas especiales de lenguaje, escuelas con proyecto de integraci\u00f3n, etc. Tambi\u00e9n desempe\u00f1ar\u00e1 funciones relacionadas con la prevenci\u00f3n, evaluaci\u00f3n, diagn\u00f3stico y tratamiento de los trastornos de la comunicaci\u00f3n y en escuelas de canto, actuaci\u00f3n y medios de comunicaci\u00f3n. Estar\u00e1 capacitado para ejercer la funci\u00f3n acad\u00e9mica y el libre ejercicio de la profesi\u00f3n.<\/p>\n","protected":false},"excerpt":{"rendered":"<p>DETALLES Impartida en Campus Fernando May, Sede Chill\u00e1n R\u00e9gimen Semestral T\u00edtulo Fonoaudi\u00f3logo(a) Duraci\u00f3n 10 Semestres Grado Acad\u00e9mico Licenciado(a) en Fonoaudiolog\u00eda C\u00f3digo 29055 Renovaci\u00f3n Carrera Renovada Curricularmente Requisito Presentar al momento de matricularse certificado de vacunaci\u00f3n contra la Hepatitis B. DESCRIPCI\u00d3N Esta carrera forma un profesional competente, integral y reflexivo que responde a las necesidades regionales [&hellip;]<\/p>\n","protected":false},"author":2,"featured_media":416,"parent":0,"menu_order":0,"comment_status":"closed","ping_status":"closed","template":"","meta":[],"_links":{"self":[{"href":"http:\/\/webfacsa.ubiobio.cl\/index.php\/wp-json\/wp\/v2\/pages\/415"}],"collection":[{"href":"http:\/\/webfacsa.ubiobio.cl\/index.php\/wp-json\/wp\/v2\/pages"}],"about":[{"href":"http:\/\/webfacsa.ubiobio.cl\/index.php\/wp-json\/wp\/v2\/types\/page"}],"author":[{"embeddable":true,"href":"http:\/\/webfacsa.ubiobio.cl\/index.php\/wp-json\/wp\/v2\/users\/2"}],"replies":[{"embeddable":true,"href":"http:\/\/webfacsa.ubiobio.cl\/index.php\/wp-json\/wp\/v2\/comments?post=415"}],"version-history":[{"count":6,"href":"http:\/\/webfacsa.ubiobio.cl\/index.php\/wp-json\/wp\/v2\/pages\/415\/revisions"}],"predecessor-version":[{"id":1874,"href":"http:\/\/webfacsa.ubiobio.cl\/index.php\/wp-json\/wp\/v2\/pages\/415\/revisions\/1874"}],"wp:featuredmedia":[{"embeddable":true,"href":"http:\/\/webfacsa.ubiobio.cl\/index.php\/wp-json\/wp\/v2\/media\/416"}],"wp:attachment":[{"href":"http:\/\/webfacsa.ubiobio.cl\/index.php\/wp-json\/wp\/v2\/media?parent=415"}],"curies":[{"name":"wp","href":"https:\/\/api.w.org\/{rel}","templated":true}]}}